{"id":307775,"date":"2024-09-26T12:10:49","date_gmt":"2024-09-26T16:10:49","guid":{"rendered":"https:\/\/justepourdivertiragence.com\/expertises\/"},"modified":"2026-03-06T14:56:30","modified_gmt":"2026-03-06T19:56:30","slug":"our-expertise","status":"publish","type":"page","link":"https:\/\/justepourdivertiragence.com\/en\/our-expertise\/","title":{"rendered":"our Expertise"},"content":{"rendered":"<p>[et_pb_section fb_built=&#8221;1&#8243; module_class=&#8221;home_header home_header_with_small_image&#8221; _builder_version=&#8221;4.27.0&#8243; _module_preset=&#8221;default&#8221; background_color=&#8221;#f26722&#8243; global_colors_info=&#8221;{}&#8221;][et_pb_row _builder_version=&#8221;4.27.0&#8243; _module_preset=&#8221;default&#8221; global_colors_info=&#8221;{}&#8221;][et_pb_column type=&#8221;4_4&#8243; _builder_version=&#8221;4.27.0&#8243; _module_preset=&#8221;default&#8221; global_colors_info=&#8221;{}&#8221;][et_pb_image src=&#8221;https:\/\/justepourdivertiragence.com\/wp-content\/uploads\/2025\/04\/juste-pour-divertir-bg-rond-en.svg&#8221; title_text=&#8221;juste-pour-divertir-bg-rond-en&#8221; admin_label=&#8221;Image&#8221; module_class=&#8221;home_small_image&#8221; _builder_version=&#8221;4.27.4&#8243; _module_preset=&#8221;default&#8221; global_colors_info=&#8221;{}&#8221;][\/et_pb_image][\/et_pb_column][\/et_pb_row][\/et_pb_section][et_pb_section fb_built=&#8221;1&#8243; module_class=&#8221;home_contact&#8221; _builder_version=&#8221;4.27.0&#8243; _module_preset=&#8221;default&#8221; global_colors_info=&#8221;{}&#8221;][et_pb_row _builder_version=&#8221;4.27.0&#8243; _module_preset=&#8221;default&#8221; global_colors_info=&#8221;{}&#8221;][et_pb_column type=&#8221;4_4&#8243; _builder_version=&#8221;4.27.0&#8243; _module_preset=&#8221;default&#8221; global_colors_info=&#8221;{}&#8221;][et_pb_heading title=&#8221;EXPERTISE &#038; SERVICES&#8221; _builder_version=&#8221;4.27.4&#8243; _module_preset=&#8221;default&#8221; title_level=&#8221;h2&#8243; global_colors_info=&#8221;{}&#8221;][\/et_pb_heading][\/et_pb_column][\/et_pb_row][et_pb_row column_structure=&#8221;1_2,1_2&#8243; module_class=&#8221;classic_features&#8221; _builder_version=&#8221;4.27.0&#8243; _module_preset=&#8221;default&#8221; global_colors_info=&#8221;{}&#8221;][et_pb_column type=&#8221;1_2&#8243; _builder_version=&#8221;4.27.0&#8243; _module_preset=&#8221;default&#8221; global_colors_info=&#8221;{}&#8221;][et_pb_text _builder_version=&#8221;4.27.4&#8243; _module_preset=&#8221;default&#8221; global_colors_info=&#8221;{}&#8221;]<\/p>\n<h3>Festivals<\/h3>\n<p>Depending on the theme of your event, your budget, and your target audience, we offer comedy shows, renowned musical artists, kid\u2019s shows and entertainment concepts that will make your event a true success.<\/p>\n<p>Offering French, English and bilingual show options, the diversity of our roster allows our experts to offer high-quality artists and shows that cater to all budgets.<\/p>\n<p>Let our festival programming expert help you. You won&#8217;t be disappointed!<\/p>\n<p>[\/et_pb_text][\/et_pb_column][et_pb_column type=&#8221;1_2&#8243; _builder_version=&#8221;4.27.0&#8243; _module_preset=&#8221;default&#8221; global_colors_info=&#8221;{}&#8221;][et_pb_image src=&#8221;https:\/\/justepourdivertiragence.com\/wp-content\/uploads\/2024\/10\/ico_festival.png&#8221; title_text=&#8221;ico_festival&#8221; _builder_version=&#8221;4.27.0&#8243; _module_preset=&#8221;default&#8221; global_colors_info=&#8221;{}&#8221;][\/et_pb_image][\/et_pb_column][\/et_pb_row][et_pb_row column_structure=&#8221;1_2,1_2&#8243; module_class=&#8221;classic_features&#8221; _builder_version=&#8221;4.27.0&#8243; _module_preset=&#8221;default&#8221; global_colors_info=&#8221;{}&#8221;][et_pb_column type=&#8221;1_2&#8243; _builder_version=&#8221;4.27.0&#8243; _module_preset=&#8221;default&#8221; global_colors_info=&#8221;{}&#8221;][et_pb_image src=&#8221;https:\/\/justepourdivertiragence.com\/wp-content\/uploads\/2024\/10\/ico_corporatif.ong_.png&#8221; title_text=&#8221;ico_corporatif.ong&#8221; _builder_version=&#8221;4.27.0&#8243; _module_preset=&#8221;default&#8221; global_colors_info=&#8221;{}&#8221;][\/et_pb_image][\/et_pb_column][et_pb_column type=&#8221;1_2&#8243; _builder_version=&#8221;4.27.0&#8243; _module_preset=&#8221;default&#8221; global_colors_info=&#8221;{}&#8221;][et_pb_text admin_label=&#8221;Text&#8221; _builder_version=&#8221;4.27.4&#8243; _module_preset=&#8221;default&#8221; global_colors_info=&#8221;{}&#8221;]<\/p>\n<h3>Corporate \/ Private Events &amp; Fundraisers<\/h3>\n<p>After taking the time to fully understand your needs, our expert advisors will provide you entertainment suggestions that align with the theme of your event and fit within your budget.<\/p>\n<p>From an annual conference to an employee recognition event, holiday party to a fundraiser, we will provide you with precise advice and information that will allow you and your team to make an educated decision.<\/p>\n<p>By understanding the specificities that these types of events may have, our agency advisors will present you with carefully selected show options that will adhere to protocols and help you achieve your objectives.<\/p>\n<p>Hosts, speakers, stand-up comedians, musical artists, and bands, the diversity of our agency roster allows our experts to offer high-quality artists that will make your event unforgettable.<\/p>\n<p>[\/et_pb_text][\/et_pb_column][\/et_pb_row][\/et_pb_section][et_pb_section fb_built=&#8221;1&#8243; admin_label=&#8221;Section&#8221; module_class=&#8221;home_organisateurs&#8221; _builder_version=&#8221;4.27.4&#8243; _module_preset=&#8221;default&#8221; background_color=&#8221;#001f30&#8243; custom_padding=&#8221;||7px|||&#8221; border_width_bottom=&#8221;2px&#8221; border_color_bottom=&#8221;#FFFFFF&#8221; global_module=&#8221;308526&#8243; global_colors_info=&#8221;{}&#8221;][et_pb_row column_structure=&#8221;1_4,1_2,1_4&#8243; module_class=&#8221;home_organisateurs_cta&#8221; _builder_version=&#8221;4.27.0&#8243; _module_preset=&#8221;default&#8221; global_colors_info=&#8221;{}&#8221;][et_pb_column type=&#8221;1_4&#8243; _builder_version=&#8221;4.27.0&#8243; _module_preset=&#8221;default&#8221; global_colors_info=&#8221;{}&#8221;][\/et_pb_column][et_pb_column type=&#8221;1_2&#8243; _builder_version=&#8221;4.27.0&#8243; _module_preset=&#8221;default&#8221; global_colors_info=&#8221;{}&#8221;][et_pb_heading title=&#8221;Looking for entertainment suggestions<\/br> for your next event&#8221; admin_label=&#8221;Heading&#8221; _builder_version=&#8221;4.27.4&#8243; _module_preset=&#8221;default&#8221; title_level=&#8221;h2&#8243; global_colors_info=&#8221;{}&#8221;][\/et_pb_heading][et_pb_text _builder_version=&#8221;4.27.4&#8243; _module_preset=&#8221;default&#8221; global_colors_info=&#8221;{}&#8221;]<\/p>\n<p>Let the experts at the JUST FOR ENTERTAINMENT AGENCY help you!<\/p>\n<p>[\/et_pb_text][et_pb_button button_url=&#8221;@ET-DC@eyJkeW5hbWljIjp0cnVlLCJjb250ZW50IjoicG9zdF9saW5rX3VybF9wYWdlIiwic2V0dGluZ3MiOnsicG9zdF9pZCI6IjMwNjg2NCJ9fQ==@&#8221; button_text=&#8221;PLANIFIER AVEC JUSTE POUR DIVERTIR&#8221; disabled_on=&#8221;on|on|on&#8221; admin_label=&#8221;Button&#8221; _builder_version=&#8221;4.27.4&#8243; _dynamic_attributes=&#8221;button_url&#8221; _module_preset=&#8221;default&#8221; button_text_size=&#8221;2em&#8221; button_text_color=&#8221;#ffffff&#8221; disabled=&#8221;on&#8221; global_colors_info=&#8221;{}&#8221;][\/et_pb_button][\/et_pb_column][et_pb_column type=&#8221;1_4&#8243; _builder_version=&#8221;4.27.0&#8243; _module_preset=&#8221;default&#8221; global_colors_info=&#8221;{}&#8221;][\/et_pb_column][\/et_pb_row][et_pb_row _builder_version=&#8221;4.27.0&#8243; _module_preset=&#8221;default&#8221; global_colors_info=&#8221;{}&#8221;][et_pb_column type=&#8221;4_4&#8243; _builder_version=&#8221;4.27.0&#8243; _module_preset=&#8221;default&#8221; global_colors_info=&#8221;{}&#8221;][et_pb_divider admin_label=&#8221;Divider&#8221; _builder_version=&#8221;4.27.0&#8243; _module_preset=&#8221;default&#8221; global_colors_info=&#8221;{}&#8221;][\/et_pb_divider][\/et_pb_column][\/et_pb_row][et_pb_row admin_label=&#8221;Row&#8221; module_class=&#8221;home_liste_organisateurs&#8221; _builder_version=&#8221;4.27.4&#8243; _module_preset=&#8221;default&#8221; custom_margin=&#8221;||10px||false|false&#8221; global_colors_info=&#8221;{}&#8221;][et_pb_column type=&#8221;4_4&#8243; _builder_version=&#8221;4.27.4&#8243; _module_preset=&#8221;default&#8221; global_colors_info=&#8221;{}&#8221;][et_pb_heading title=&#8221;English corporate events &#038; festivals outside of Qu\u00e9bec:&#8221; _builder_version=&#8221;4.27.4&#8243; _module_preset=&#8221;default&#8221; title_level=&#8221;h3&#8243; custom_padding=&#8221;||19px||false|false&#8221; global_colors_info=&#8221;{}&#8221;][\/et_pb_heading][et_pb_text admin_label=&#8221;Text&#8221; _builder_version=&#8221;4.27.4&#8243; _module_preset=&#8221;default&#8221; global_colors_info=&#8221;{}&#8221;]<\/p>\n<p><strong>CLAUDIA LEVASSEUR<br \/><\/strong><br \/>Director of English Corporate Events &amp; Festivals<\/p>\n<p>+1 514 641-1461<\/p>\n<p>&nbsp;<\/p>\n<div class=\"m_btn\"><a href=\"mailto:claudia.levasseur@groupejustepourdivertir.com\">CONTACT<\/a><\/div>\n<p>[\/et_pb_text][\/et_pb_column][\/et_pb_row][\/et_pb_section]<\/p>\n","protected":false},"excerpt":{"rendered":"<p>Festivals Depending on the theme of your event, your budget, and your target audience, we offer comedy shows, renowned musical artists, kid\u2019s shows and entertainment concepts that will make your event a true success. Offering French, English and bilingual show options, the diversity of our roster allows our experts to offer high-quality artists and shows that cater to all budgets. Let our festival programming expert help you. You won&#8217;t be disappointed!Corporate \/ Private Events &amp; Fundraisers After taking the time to fully understand your needs, our expert advisors will provide you entertainment suggestions that align with the theme of your event and fit within your budget. From an annual conference to an employee recognition event, holiday party to a fundraiser, we will provide you with precise advice and information that will allow you and your team to make an educated decision. By understanding the specificities that these types of events may have, our agency advisors will present you with carefully selected show options that will adhere to protocols and help you achieve your objectives. Hosts, speakers, stand-up comedians, musical artists, and bands, the diversity of our agency roster allows our experts to offer high-quality artists that will make your event [&hellip;]<\/p>\n","protected":false},"author":5,"featured_media":0,"parent":0,"menu_order":0,"comment_status":"closed","ping_status":"closed","template":"","meta":{"_acf_changed":false,"_et_pb_use_builder":"on","_et_pb_old_content":"","_et_gb_content_width":"","footnotes":""},"class_list":["post-307775","page","type-page","status-publish","hentry"],"acf":[],"yoast_head":"<!-- This site is optimized with the Yoast SEO plugin v27.1.1 - https:\/\/yoast.com\/product\/yoast-seo-wordpress\/ -->\n<title>Juste pour divertir agence<\/title>\n<meta name=\"description\" content=\"Les conseillers en divertissement de l\u2019agence ont pour objectif d\u2019accompagner les clients dans l\u2019organisation de spectacles, d\u2019\u00e9v\u00e9nements corporatifs et la programmation culturelle en tous genres.\" \/>\n<meta name=\"robots\" content=\"index, follow, max-snippet:-1, max-image-preview:large, max-video-preview:-1\" \/>\n<link rel=\"canonical\" href=\"https:\/\/justepourdivertiragence.com\/en\/our-expertise\/\" \/>\n<meta property=\"og:locale\" content=\"en_US\" \/>\n<meta property=\"og:type\" content=\"article\" \/>\n<meta property=\"og:title\" content=\"Juste pour divertir agence\" \/>\n<meta property=\"og:description\" content=\"Les conseillers en divertissement de l\u2019agence ont pour objectif d\u2019accompagner les clients dans l\u2019organisation de spectacles, d\u2019\u00e9v\u00e9nements corporatifs et la programmation culturelle en tous genres.\" \/>\n<meta property=\"og:site_name\" content=\"Juste pour divertir agence\" \/>\n<meta property=\"article:modified_time\" content=\"2026-03-06T19:56:30+00:00\" \/>\n<meta name=\"twitter:card\" content=\"summary_large_image\" \/>\n<meta name=\"twitter:label1\" content=\"Est. reading time\" \/>\n\t<meta name=\"twitter:data1\" content=\"3 minutes\" \/>\n<script type=\"application\/ld+json\" class=\"yoast-schema-graph\">{\"@context\":\"https:\/\/schema.org\",\"@graph\":[{\"@type\":\"WebPage\",\"@id\":\"https:\/\/justepourdivertiragence.com\/en\/our-expertise\/\",\"url\":\"https:\/\/justepourdivertiragence.com\/en\/our-expertise\/\",\"name\":\"Juste pour divertir agence\",\"isPartOf\":{\"@id\":\"https:\/\/justepourdivertiragence.com\/en\/#website\"},\"datePublished\":\"2024-09-26T16:10:49+00:00\",\"dateModified\":\"2026-03-06T19:56:30+00:00\",\"description\":\"Les conseillers en divertissement de l\u2019agence ont pour objectif d\u2019accompagner les clients dans l\u2019organisation de spectacles, d\u2019\u00e9v\u00e9nements corporatifs et la programmation culturelle en tous genres.\",\"breadcrumb\":{\"@id\":\"https:\/\/justepourdivertiragence.com\/en\/our-expertise\/#breadcrumb\"},\"inLanguage\":\"en-US\",\"potentialAction\":[{\"@type\":\"ReadAction\",\"target\":[\"https:\/\/justepourdivertiragence.com\/en\/our-expertise\/\"]}]},{\"@type\":\"BreadcrumbList\",\"@id\":\"https:\/\/justepourdivertiragence.com\/en\/our-expertise\/#breadcrumb\",\"itemListElement\":[{\"@type\":\"ListItem\",\"position\":1,\"name\":\"Home\",\"item\":\"https:\/\/justepourdivertiragence.com\/en\/\"},{\"@type\":\"ListItem\",\"position\":2,\"name\":\"our Expertise\"}]},{\"@type\":\"WebSite\",\"@id\":\"https:\/\/justepourdivertiragence.com\/en\/#website\",\"url\":\"https:\/\/justepourdivertiragence.com\/en\/\",\"name\":\"Juste pour divertir Agence\",\"description\":\"ARISTES - \u00c9V\u00c9NEMENTS CORPORATIFS - FESTIVALS - TOURN\u00c9ES\",\"publisher\":{\"@id\":\"https:\/\/justepourdivertiragence.com\/en\/#organization\"},\"potentialAction\":[{\"@type\":\"SearchAction\",\"target\":{\"@type\":\"EntryPoint\",\"urlTemplate\":\"https:\/\/justepourdivertiragence.com\/en\/?s={search_term_string}\"},\"query-input\":{\"@type\":\"PropertyValueSpecification\",\"valueRequired\":true,\"valueName\":\"search_term_string\"}}],\"inLanguage\":\"en-US\"},{\"@type\":\"Organization\",\"@id\":\"https:\/\/justepourdivertiragence.com\/en\/#organization\",\"name\":\"Amuz Agence\",\"url\":\"https:\/\/justepourdivertiragence.com\/en\/\",\"logo\":{\"@type\":\"ImageObject\",\"inLanguage\":\"en-US\",\"@id\":\"https:\/\/justepourdivertiragence.com\/en\/#\/schema\/logo\/image\/\",\"url\":\"https:\/\/justepourdivertiragence.com\/wp-content\/uploads\/2024\/10\/juste-pour-divertir-agence_logo.png\",\"contentUrl\":\"https:\/\/justepourdivertiragence.com\/wp-content\/uploads\/2024\/10\/juste-pour-divertir-agence_logo.png\",\"width\":605,\"height\":190,\"caption\":\"Amuz Agence\"},\"image\":{\"@id\":\"https:\/\/justepourdivertiragence.com\/en\/#\/schema\/logo\/image\/\"},\"sameAs\":[\"https:\/\/www.linkedin.com\/company\/amuzagence\/about\/\"]}]}<\/script>\n<!-- \/ Yoast SEO plugin. -->","yoast_head_json":{"title":"Juste pour divertir agence","description":"Les conseillers en divertissement de l\u2019agence ont pour objectif d\u2019accompagner les clients dans l\u2019organisation de spectacles, d\u2019\u00e9v\u00e9nements corporatifs et la programmation culturelle en tous genres.","robots":{"index":"index","follow":"follow","max-snippet":"max-snippet:-1","max-image-preview":"max-image-preview:large","max-video-preview":"max-video-preview:-1"},"canonical":"https:\/\/justepourdivertiragence.com\/en\/our-expertise\/","og_locale":"en_US","og_type":"article","og_title":"Juste pour divertir agence","og_description":"Les conseillers en divertissement de l\u2019agence ont pour objectif d\u2019accompagner les clients dans l\u2019organisation de spectacles, d\u2019\u00e9v\u00e9nements corporatifs et la programmation culturelle en tous genres.","og_site_name":"Juste pour divertir agence","article_modified_time":"2026-03-06T19:56:30+00:00","twitter_card":"summary_large_image","twitter_misc":{"Est. reading time":"3 minutes"},"schema":{"@context":"https:\/\/schema.org","@graph":[{"@type":"WebPage","@id":"https:\/\/justepourdivertiragence.com\/en\/our-expertise\/","url":"https:\/\/justepourdivertiragence.com\/en\/our-expertise\/","name":"Juste pour divertir agence","isPartOf":{"@id":"https:\/\/justepourdivertiragence.com\/en\/#website"},"datePublished":"2024-09-26T16:10:49+00:00","dateModified":"2026-03-06T19:56:30+00:00","description":"Les conseillers en divertissement de l\u2019agence ont pour objectif d\u2019accompagner les clients dans l\u2019organisation de spectacles, d\u2019\u00e9v\u00e9nements corporatifs et la programmation culturelle en tous genres.","breadcrumb":{"@id":"https:\/\/justepourdivertiragence.com\/en\/our-expertise\/#breadcrumb"},"inLanguage":"en-US","potentialAction":[{"@type":"ReadAction","target":["https:\/\/justepourdivertiragence.com\/en\/our-expertise\/"]}]},{"@type":"BreadcrumbList","@id":"https:\/\/justepourdivertiragence.com\/en\/our-expertise\/#breadcrumb","itemListElement":[{"@type":"ListItem","position":1,"name":"Home","item":"https:\/\/justepourdivertiragence.com\/en\/"},{"@type":"ListItem","position":2,"name":"our Expertise"}]},{"@type":"WebSite","@id":"https:\/\/justepourdivertiragence.com\/en\/#website","url":"https:\/\/justepourdivertiragence.com\/en\/","name":"Juste pour divertir Agence","description":"ARISTES - \u00c9V\u00c9NEMENTS CORPORATIFS - FESTIVALS - TOURN\u00c9ES","publisher":{"@id":"https:\/\/justepourdivertiragence.com\/en\/#organization"},"potentialAction":[{"@type":"SearchAction","target":{"@type":"EntryPoint","urlTemplate":"https:\/\/justepourdivertiragence.com\/en\/?s={search_term_string}"},"query-input":{"@type":"PropertyValueSpecification","valueRequired":true,"valueName":"search_term_string"}}],"inLanguage":"en-US"},{"@type":"Organization","@id":"https:\/\/justepourdivertiragence.com\/en\/#organization","name":"Amuz Agence","url":"https:\/\/justepourdivertiragence.com\/en\/","logo":{"@type":"ImageObject","inLanguage":"en-US","@id":"https:\/\/justepourdivertiragence.com\/en\/#\/schema\/logo\/image\/","url":"https:\/\/justepourdivertiragence.com\/wp-content\/uploads\/2024\/10\/juste-pour-divertir-agence_logo.png","contentUrl":"https:\/\/justepourdivertiragence.com\/wp-content\/uploads\/2024\/10\/juste-pour-divertir-agence_logo.png","width":605,"height":190,"caption":"Amuz Agence"},"image":{"@id":"https:\/\/justepourdivertiragence.com\/en\/#\/schema\/logo\/image\/"},"sameAs":["https:\/\/www.linkedin.com\/company\/amuzagence\/about\/"]}]}},"_links":{"self":[{"href":"https:\/\/justepourdivertiragence.com\/en\/wp-json\/wp\/v2\/pages\/307775","targetHints":{"allow":["GET"]}}],"collection":[{"href":"https:\/\/justepourdivertiragence.com\/en\/wp-json\/wp\/v2\/pages"}],"about":[{"href":"https:\/\/justepourdivertiragence.com\/en\/wp-json\/wp\/v2\/types\/page"}],"author":[{"embeddable":true,"href":"https:\/\/justepourdivertiragence.com\/en\/wp-json\/wp\/v2\/users\/5"}],"replies":[{"embeddable":true,"href":"https:\/\/justepourdivertiragence.com\/en\/wp-json\/wp\/v2\/comments?post=307775"}],"version-history":[{"count":33,"href":"https:\/\/justepourdivertiragence.com\/en\/wp-json\/wp\/v2\/pages\/307775\/revisions"}],"predecessor-version":[{"id":309087,"href":"https:\/\/justepourdivertiragence.com\/en\/wp-json\/wp\/v2\/pages\/307775\/revisions\/309087"}],"wp:attachment":[{"href":"https:\/\/justepourdivertiragence.com\/en\/wp-json\/wp\/v2\/media?parent=307775"}],"curies":[{"name":"wp","href":"https:\/\/api.w.org\/{rel}","templated":true}]}}