{"id":307769,"date":"2024-09-25T15:00:04","date_gmt":"2024-09-25T19:00:04","guid":{"rendered":"https:\/\/justepourdivertiragence.com\/nous-joindre\/"},"modified":"2026-03-05T16:32:49","modified_gmt":"2026-03-05T21:32:49","slug":"contact-us","status":"publish","type":"page","link":"https:\/\/justepourdivertiragence.com\/en\/contact-us\/","title":{"rendered":"Contact us"},"content":{"rendered":"<p>[et_pb_section fb_built=&#8221;1&#8243; module_class=&#8221;home_header home_header_with_small_image&#8221; _builder_version=&#8221;4.27.0&#8243; _module_preset=&#8221;default&#8221; background_color=&#8221;#f26722&#8243; global_colors_info=&#8221;{}&#8221;][et_pb_row _builder_version=&#8221;4.27.0&#8243; _module_preset=&#8221;default&#8221; global_colors_info=&#8221;{}&#8221;][et_pb_column type=&#8221;4_4&#8243; _builder_version=&#8221;4.27.0&#8243; _module_preset=&#8221;default&#8221; global_colors_info=&#8221;{}&#8221;][et_pb_image src=&#8221;https:\/\/justepourdivertiragence.com\/wp-content\/uploads\/2025\/04\/juste-pour-divertir-bg-rond-en.svg&#8221; title_text=&#8221;juste-pour-divertir-bg-rond-en&#8221; module_class=&#8221;home_small_image&#8221; _builder_version=&#8221;4.27.4&#8243; _module_preset=&#8221;default&#8221; global_colors_info=&#8221;{}&#8221;][\/et_pb_image][\/et_pb_column][\/et_pb_row][\/et_pb_section][et_pb_section fb_built=&#8221;1&#8243; module_class=&#8221;home_contact&#8221; _builder_version=&#8221;4.27.0&#8243; _module_preset=&#8221;default&#8221; global_colors_info=&#8221;{}&#8221;][et_pb_row _builder_version=&#8221;4.27.0&#8243; _module_preset=&#8221;default&#8221; global_colors_info=&#8221;{}&#8221;][et_pb_column type=&#8221;4_4&#8243; _builder_version=&#8221;4.27.0&#8243; _module_preset=&#8221;default&#8221; global_colors_info=&#8221;{}&#8221;][et_pb_heading title=&#8221;Contact us&#8221; _builder_version=&#8221;4.27.4&#8243; _module_preset=&#8221;default&#8221; title_level=&#8221;h2&#8243; global_colors_info=&#8221;{}&#8221;][\/et_pb_heading][\/et_pb_column][\/et_pb_row][et_pb_row column_structure=&#8221;2_5,3_5&#8243; _builder_version=&#8221;4.27.0&#8243; _module_preset=&#8221;default&#8221; global_colors_info=&#8221;{}&#8221;][et_pb_column type=&#8221;2_5&#8243; _builder_version=&#8221;4.27.0&#8243; _module_preset=&#8221;default&#8221; global_colors_info=&#8221;{}&#8221;][et_pb_text _builder_version=&#8221;4.27.4&#8243; _module_preset=&#8221;default&#8221; global_colors_info=&#8221;{}&#8221;]<\/p>\n<h3>QU\u00c9BEC \u2013 Head office<\/h3>\n<p>575 Saint-Joseph Street, Suite 200 (2nd floor)<br \/>Qu\u00e9bec, Qc, Canada G1K 3B7<\/p>\n<p>Phone: <a href=\"+1 418 647-2525\">+1 418 647-2525<\/a><\/p>\n<p>[\/et_pb_text][et_pb_text _builder_version=&#8221;4.27.4&#8243; _module_preset=&#8221;default&#8221; global_colors_info=&#8221;{}&#8221;]<\/p>\n<h3>Montr\u00e9al<\/h3>\n<p>5605, avenue de Gasp\u00e9 bureau 807<br \/>Montr\u00e9al, Qc, Canada H2T 2A4<\/p>\n<p>Phone: <a href=\"tel:+1 514 \u202f526-3223\">+1 514 \u202f526-3223<\/a><\/p>\n<p>[\/et_pb_text][\/et_pb_column][et_pb_column type=&#8221;3_5&#8243; _builder_version=&#8221;4.27.0&#8243; _module_preset=&#8221;default&#8221; global_colors_info=&#8221;{}&#8221;][et_pb_text admin_label=&#8221;Text&#8221; _builder_version=&#8221;4.27.4&#8243; _module_preset=&#8221;default&#8221; global_colors_info=&#8221;{}&#8221;]<\/p>\n<h3>Inquiry<\/h3>\n<p>Please fill out the following form for any questions or comments.<\/p>\n<p>[\/et_pb_text][dsm_contact_form_7 cf7_library=&#8221;306931&#8243; _builder_version=&#8221;4.27.4&#8243; _module_preset=&#8221;default&#8221; global_colors_info=&#8221;{}&#8221;][\/dsm_contact_form_7][\/et_pb_column][\/et_pb_row][\/et_pb_section][et_pb_section fb_built=&#8221;1&#8243; admin_label=&#8221;Section&#8221; module_class=&#8221;home_organisateurs&#8221; _builder_version=&#8221;4.27.4&#8243; _module_preset=&#8221;default&#8221; background_color=&#8221;#001f30&#8243; custom_padding=&#8221;||7px|||&#8221; border_width_bottom=&#8221;2px&#8221; border_color_bottom=&#8221;#FFFFFF&#8221; global_module=&#8221;308526&#8243; global_colors_info=&#8221;{}&#8221;][et_pb_row column_structure=&#8221;1_4,1_2,1_4&#8243; module_class=&#8221;home_organisateurs_cta&#8221; _builder_version=&#8221;4.27.0&#8243; _module_preset=&#8221;default&#8221; global_colors_info=&#8221;{}&#8221;][et_pb_column type=&#8221;1_4&#8243; _builder_version=&#8221;4.27.0&#8243; _module_preset=&#8221;default&#8221; global_colors_info=&#8221;{}&#8221;][\/et_pb_column][et_pb_column type=&#8221;1_2&#8243; _builder_version=&#8221;4.27.0&#8243; _module_preset=&#8221;default&#8221; global_colors_info=&#8221;{}&#8221;][et_pb_heading title=&#8221;Looking for entertainment suggestions<\/br> for your next event&#8221; admin_label=&#8221;Heading&#8221; _builder_version=&#8221;4.27.4&#8243; _module_preset=&#8221;default&#8221; title_level=&#8221;h2&#8243; global_colors_info=&#8221;{}&#8221;][\/et_pb_heading][et_pb_text _builder_version=&#8221;4.27.4&#8243; _module_preset=&#8221;default&#8221; global_colors_info=&#8221;{}&#8221;]<\/p>\n<p>Let the experts at the JUST FOR ENTERTAINMENT AGENCY help you!<\/p>\n<p>[\/et_pb_text][et_pb_button button_url=&#8221;@ET-DC@eyJkeW5hbWljIjp0cnVlLCJjb250ZW50IjoicG9zdF9saW5rX3VybF9wYWdlIiwic2V0dGluZ3MiOnsicG9zdF9pZCI6IjMwNjg2NCJ9fQ==@&#8221; button_text=&#8221;PLANIFIER AVEC JUSTE POUR DIVERTIR&#8221; disabled_on=&#8221;on|on|on&#8221; admin_label=&#8221;Button&#8221; _builder_version=&#8221;4.27.4&#8243; _dynamic_attributes=&#8221;button_url&#8221; _module_preset=&#8221;default&#8221; button_text_size=&#8221;2em&#8221; button_text_color=&#8221;#ffffff&#8221; disabled=&#8221;on&#8221; global_colors_info=&#8221;{}&#8221;][\/et_pb_button][\/et_pb_column][et_pb_column type=&#8221;1_4&#8243; _builder_version=&#8221;4.27.0&#8243; _module_preset=&#8221;default&#8221; global_colors_info=&#8221;{}&#8221;][\/et_pb_column][\/et_pb_row][et_pb_row _builder_version=&#8221;4.27.0&#8243; _module_preset=&#8221;default&#8221; global_colors_info=&#8221;{}&#8221;][et_pb_column type=&#8221;4_4&#8243; _builder_version=&#8221;4.27.0&#8243; _module_preset=&#8221;default&#8221; global_colors_info=&#8221;{}&#8221;][et_pb_divider admin_label=&#8221;Divider&#8221; _builder_version=&#8221;4.27.0&#8243; _module_preset=&#8221;default&#8221; global_colors_info=&#8221;{}&#8221;][\/et_pb_divider][\/et_pb_column][\/et_pb_row][et_pb_row admin_label=&#8221;Row&#8221; module_class=&#8221;home_liste_organisateurs&#8221; _builder_version=&#8221;4.27.4&#8243; _module_preset=&#8221;default&#8221; custom_margin=&#8221;||10px||false|false&#8221; global_colors_info=&#8221;{}&#8221;][et_pb_column type=&#8221;4_4&#8243; _builder_version=&#8221;4.27.4&#8243; _module_preset=&#8221;default&#8221; global_colors_info=&#8221;{}&#8221;][et_pb_heading title=&#8221;English corporate events &#038; festivals outside of Qu\u00e9bec:&#8221; _builder_version=&#8221;4.27.4&#8243; _module_preset=&#8221;default&#8221; title_level=&#8221;h3&#8243; custom_padding=&#8221;||19px||false|false&#8221; global_colors_info=&#8221;{}&#8221;][\/et_pb_heading][et_pb_text admin_label=&#8221;Text&#8221; _builder_version=&#8221;4.27.4&#8243; _module_preset=&#8221;default&#8221; global_colors_info=&#8221;{}&#8221;]<\/p>\n<p><strong>CLAUDIA LEVASSEUR<br \/><\/strong><br \/>Director of English Corporate Events &amp; Festivals<\/p>\n<p>+1 514 641-1461<\/p>\n<p>&nbsp;<\/p>\n<div class=\"m_btn\"><a href=\"mailto:claudia.levasseur@groupejustepourdivertir.com\">CONTACT<\/a><\/div>\n<p>[\/et_pb_text][\/et_pb_column][\/et_pb_row][\/et_pb_section]<\/p>\n","protected":false},"excerpt":{"rendered":"<p>QU\u00c9BEC \u2013 Head office 575 Saint-Joseph Street, Suite 200 (2nd floor)Qu\u00e9bec, Qc, Canada G1K 3B7 Phone: +1 418 647-2525Montr\u00e9al 5605, avenue de Gasp\u00e9 bureau 807Montr\u00e9al, Qc, Canada H2T 2A4 Phone: +1 514 \u202f526-3223Inquiry Please fill out the following form for any questions or comments.<div class=\"et_pb_module dsm_contact_form_7 dsm_contact_form_7_0\">\n\t\t\t\t\n\t\t\t\t\n\t\t\t\t\n\t\t\t\t\n\t\t\t\t\n\t\t\t\t\n\t\t\t\t<div class=\"et_pb_module_inner\">\n\t\t\t\t\t<div class=\"\">\n\t\t\t\t\n<div class=\"wpcf7 no-js\" id=\"wpcf7-f307887-o1\" lang=\"en-US\" dir=\"ltr\" data-wpcf7-id=\"307887\">\n<div class=\"screen-reader-response\"><p role=\"status\" aria-live=\"polite\" aria-atomic=\"true\"><\/p> <ul><\/ul><\/div>\n<form action=\"\/en\/wp-json\/wp\/v2\/pages\/307769#wpcf7-f307887-o1\" method=\"post\" class=\"wpcf7-form init\" aria-label=\"Contact form\" novalidate=\"novalidate\" data-status=\"init\">\n<fieldset class=\"hidden-fields-container\"><input type=\"hidden\" name=\"_wpcf7\" value=\"307887\" \/><input type=\"hidden\" name=\"_wpcf7_version\" value=\"6.1.5\" \/><input type=\"hidden\" name=\"_wpcf7_locale\" value=\"en_US\" \/><input type=\"hidden\" name=\"_wpcf7_unit_tag\" value=\"wpcf7-f307887-o1\" \/><input type=\"hidden\" name=\"_wpcf7_container_post\" value=\"0\" \/><input type=\"hidden\" name=\"_wpcf7_posted_data_hash\" value=\"\" \/>\n<\/fieldset>\n<div class=\"form_cont\">\n\t<div class=\"col_10\">\n\t\t<p><span class=\"wpcf7-form-control-wrap\" data-name=\"subject\"><input size=\"40\" maxlength=\"400\" class=\"wpcf7-form-control wpcf7-text wpcf7-validates-as-required\" aria-required=\"true\" aria-invalid=\"false\" placeholder=\"Subject\" value=\"\" type=\"text\" name=\"subject\" \/><\/span>\n\t\t<\/p>\n\t<\/div>\n\t<div>\n\t\t<p><span class=\"wpcf7-form-control-wrap\" data-name=\"first-name\"><input size=\"40\" maxlength=\"400\" class=\"wpcf7-form-control wpcf7-text wpcf7-validates-as-required\" aria-required=\"true\" aria-invalid=\"false\" placeholder=\"First Name\" value=\"\" type=\"text\" name=\"first-name\" \/><\/span>\n\t\t<\/p>\n\t<\/div>\n\t<div>\n\t\t<p><span class=\"wpcf7-form-control-wrap\" data-name=\"last-name\"><input size=\"40\" maxlength=\"400\" class=\"wpcf7-form-control wpcf7-text wpcf7-validates-as-required\" aria-required=\"true\" aria-invalid=\"false\" placeholder=\"Last Name\" value=\"\" type=\"text\" name=\"last-name\" \/><\/span>\n\t\t<\/p>\n\t<\/div>\n\t<div>\n\t\t<p><span class=\"wpcf7-form-control-wrap\" data-name=\"email\"><input size=\"40\" maxlength=\"400\" class=\"wpcf7-form-control wpcf7-email wpcf7-validates-as-required wpcf7-text wpcf7-validates-as-email\" aria-required=\"true\" aria-invalid=\"false\" placeholder=\"Email\" value=\"\" type=\"email\" name=\"email\" \/><\/span>\n\t\t<\/p>\n\t<\/div>\n\t<div>\n\t\t<p><span class=\"wpcf7-form-control-wrap\" data-name=\"telephone\"><input size=\"40\" maxlength=\"400\" class=\"wpcf7-form-control wpcf7-tel wpcf7-validates-as-required wpcf7-text wpcf7-validates-as-tel\" aria-required=\"true\" aria-invalid=\"false\" placeholder=\"Phone\" value=\"\" type=\"tel\" name=\"telephone\" \/><\/span>\n\t\t<\/p>\n\t<\/div>\n\t<div class=\"col_10\">\n\t\t<p><span class=\"wpcf7-form-control-wrap\" data-name=\"message\"><textarea cols=\"40\" rows=\"10\" maxlength=\"2000\" class=\"wpcf7-form-control wpcf7-textarea wpcf7-validates-as-required\" aria-required=\"true\" aria-invalid=\"false\" placeholder=\"Message\" name=\"message\"><\/textarea><\/span>\n\t\t<\/p>\n\t<\/div>\n\t<div class=\"col_10\">\n\t\t<p><button class=\"wpcf7-form-control wpcf7-submit has-spinner et_pb_button et_pb_bg_layout_light\" type=\"submit\" value=\"Submit\">Submit<\/button>\n\t\t<\/p>\n\t<\/div>\n<\/div><div class=\"wpcf7-response-output\" aria-hidden=\"true\"><\/div>\n<\/form>\n<\/div>\n\n\t\t\t<\/div>\n\t\t\t\t<\/div>\n\t\t\t<\/div>Let the experts at the JUST FOR ENTERTAINMENT AGENCY help you!CLAUDIA LEVASSEURDirector of English Corporate Events &amp; Festivals +1 514 641-1461 &nbsp; CONTACT<\/p>\n","protected":false},"author":5,"featured_media":0,"parent":0,"menu_order":0,"comment_status":"closed","ping_status":"closed","template":"","meta":{"_acf_changed":false,"_et_pb_use_builder":"on","_et_pb_old_content":"","_et_gb_content_width":"","footnotes":""},"class_list":["post-307769","page","type-page","status-publish","hentry"],"acf":[],"yoast_head":"<!-- This site is optimized with the Yoast SEO plugin v27.1.1 - https:\/\/yoast.com\/product\/yoast-seo-wordpress\/ -->\n<title>Juste pour divertir agence<\/title>\n<meta name=\"description\" content=\"Les conseillers en divertissement de l\u2019agence ont pour objectif d\u2019accompagner les clients dans l\u2019organisation de spectacles, d\u2019\u00e9v\u00e9nements corporatifs et la programmation culturelle en tous genres.\" \/>\n<meta name=\"robots\" content=\"index, follow, max-snippet:-1, max-image-preview:large, max-video-preview:-1\" \/>\n<link rel=\"canonical\" href=\"https:\/\/justepourdivertiragence.com\/en\/contact-us\/\" \/>\n<meta property=\"og:locale\" content=\"en_US\" \/>\n<meta property=\"og:type\" content=\"article\" \/>\n<meta property=\"og:title\" content=\"Juste pour divertir agence\" \/>\n<meta property=\"og:description\" content=\"Les conseillers en divertissement de l\u2019agence ont pour objectif d\u2019accompagner les clients dans l\u2019organisation de spectacles, d\u2019\u00e9v\u00e9nements corporatifs et la programmation culturelle en tous genres.\" \/>\n<meta property=\"og:site_name\" content=\"Juste pour divertir agence\" \/>\n<meta property=\"article:modified_time\" content=\"2026-03-05T21:32:49+00:00\" \/>\n<meta name=\"twitter:card\" content=\"summary_large_image\" \/>\n<meta name=\"twitter:label1\" content=\"Est. reading time\" \/>\n\t<meta name=\"twitter:data1\" content=\"2 minutes\" \/>\n<script type=\"application\/ld+json\" class=\"yoast-schema-graph\">{\"@context\":\"https:\/\/schema.org\",\"@graph\":[{\"@type\":\"WebPage\",\"@id\":\"https:\/\/justepourdivertiragence.com\/en\/contact-us\/\",\"url\":\"https:\/\/justepourdivertiragence.com\/en\/contact-us\/\",\"name\":\"Juste pour divertir agence\",\"isPartOf\":{\"@id\":\"https:\/\/justepourdivertiragence.com\/en\/#website\"},\"datePublished\":\"2024-09-25T19:00:04+00:00\",\"dateModified\":\"2026-03-05T21:32:49+00:00\",\"description\":\"Les conseillers en divertissement de l\u2019agence ont pour objectif d\u2019accompagner les clients dans l\u2019organisation de spectacles, d\u2019\u00e9v\u00e9nements corporatifs et la programmation culturelle en tous genres.\",\"breadcrumb\":{\"@id\":\"https:\/\/justepourdivertiragence.com\/en\/contact-us\/#breadcrumb\"},\"inLanguage\":\"en-US\",\"potentialAction\":[{\"@type\":\"ReadAction\",\"target\":[\"https:\/\/justepourdivertiragence.com\/en\/contact-us\/\"]}]},{\"@type\":\"BreadcrumbList\",\"@id\":\"https:\/\/justepourdivertiragence.com\/en\/contact-us\/#breadcrumb\",\"itemListElement\":[{\"@type\":\"ListItem\",\"position\":1,\"name\":\"Home\",\"item\":\"https:\/\/justepourdivertiragence.com\/en\/\"},{\"@type\":\"ListItem\",\"position\":2,\"name\":\"Contact us\"}]},{\"@type\":\"WebSite\",\"@id\":\"https:\/\/justepourdivertiragence.com\/en\/#website\",\"url\":\"https:\/\/justepourdivertiragence.com\/en\/\",\"name\":\"Juste pour divertir Agence\",\"description\":\"ARISTES - \u00c9V\u00c9NEMENTS CORPORATIFS - FESTIVALS - TOURN\u00c9ES\",\"publisher\":{\"@id\":\"https:\/\/justepourdivertiragence.com\/en\/#organization\"},\"potentialAction\":[{\"@type\":\"SearchAction\",\"target\":{\"@type\":\"EntryPoint\",\"urlTemplate\":\"https:\/\/justepourdivertiragence.com\/en\/?s={search_term_string}\"},\"query-input\":{\"@type\":\"PropertyValueSpecification\",\"valueRequired\":true,\"valueName\":\"search_term_string\"}}],\"inLanguage\":\"en-US\"},{\"@type\":\"Organization\",\"@id\":\"https:\/\/justepourdivertiragence.com\/en\/#organization\",\"name\":\"Amuz Agence\",\"url\":\"https:\/\/justepourdivertiragence.com\/en\/\",\"logo\":{\"@type\":\"ImageObject\",\"inLanguage\":\"en-US\",\"@id\":\"https:\/\/justepourdivertiragence.com\/en\/#\/schema\/logo\/image\/\",\"url\":\"https:\/\/justepourdivertiragence.com\/wp-content\/uploads\/2024\/10\/juste-pour-divertir-agence_logo.png\",\"contentUrl\":\"https:\/\/justepourdivertiragence.com\/wp-content\/uploads\/2024\/10\/juste-pour-divertir-agence_logo.png\",\"width\":605,\"height\":190,\"caption\":\"Amuz Agence\"},\"image\":{\"@id\":\"https:\/\/justepourdivertiragence.com\/en\/#\/schema\/logo\/image\/\"},\"sameAs\":[\"https:\/\/www.linkedin.com\/company\/amuzagence\/about\/\"]}]}<\/script>\n<!-- \/ Yoast SEO plugin. -->","yoast_head_json":{"title":"Juste pour divertir agence","description":"Les conseillers en divertissement de l\u2019agence ont pour objectif d\u2019accompagner les clients dans l\u2019organisation de spectacles, d\u2019\u00e9v\u00e9nements corporatifs et la programmation culturelle en tous genres.","robots":{"index":"index","follow":"follow","max-snippet":"max-snippet:-1","max-image-preview":"max-image-preview:large","max-video-preview":"max-video-preview:-1"},"canonical":"https:\/\/justepourdivertiragence.com\/en\/contact-us\/","og_locale":"en_US","og_type":"article","og_title":"Juste pour divertir agence","og_description":"Les conseillers en divertissement de l\u2019agence ont pour objectif d\u2019accompagner les clients dans l\u2019organisation de spectacles, d\u2019\u00e9v\u00e9nements corporatifs et la programmation culturelle en tous genres.","og_site_name":"Juste pour divertir agence","article_modified_time":"2026-03-05T21:32:49+00:00","twitter_card":"summary_large_image","twitter_misc":{"Est. reading time":"2 minutes"},"schema":{"@context":"https:\/\/schema.org","@graph":[{"@type":"WebPage","@id":"https:\/\/justepourdivertiragence.com\/en\/contact-us\/","url":"https:\/\/justepourdivertiragence.com\/en\/contact-us\/","name":"Juste pour divertir agence","isPartOf":{"@id":"https:\/\/justepourdivertiragence.com\/en\/#website"},"datePublished":"2024-09-25T19:00:04+00:00","dateModified":"2026-03-05T21:32:49+00:00","description":"Les conseillers en divertissement de l\u2019agence ont pour objectif d\u2019accompagner les clients dans l\u2019organisation de spectacles, d\u2019\u00e9v\u00e9nements corporatifs et la programmation culturelle en tous genres.","breadcrumb":{"@id":"https:\/\/justepourdivertiragence.com\/en\/contact-us\/#breadcrumb"},"inLanguage":"en-US","potentialAction":[{"@type":"ReadAction","target":["https:\/\/justepourdivertiragence.com\/en\/contact-us\/"]}]},{"@type":"BreadcrumbList","@id":"https:\/\/justepourdivertiragence.com\/en\/contact-us\/#breadcrumb","itemListElement":[{"@type":"ListItem","position":1,"name":"Home","item":"https:\/\/justepourdivertiragence.com\/en\/"},{"@type":"ListItem","position":2,"name":"Contact us"}]},{"@type":"WebSite","@id":"https:\/\/justepourdivertiragence.com\/en\/#website","url":"https:\/\/justepourdivertiragence.com\/en\/","name":"Juste pour divertir Agence","description":"ARISTES - \u00c9V\u00c9NEMENTS CORPORATIFS - FESTIVALS - TOURN\u00c9ES","publisher":{"@id":"https:\/\/justepourdivertiragence.com\/en\/#organization"},"potentialAction":[{"@type":"SearchAction","target":{"@type":"EntryPoint","urlTemplate":"https:\/\/justepourdivertiragence.com\/en\/?s={search_term_string}"},"query-input":{"@type":"PropertyValueSpecification","valueRequired":true,"valueName":"search_term_string"}}],"inLanguage":"en-US"},{"@type":"Organization","@id":"https:\/\/justepourdivertiragence.com\/en\/#organization","name":"Amuz Agence","url":"https:\/\/justepourdivertiragence.com\/en\/","logo":{"@type":"ImageObject","inLanguage":"en-US","@id":"https:\/\/justepourdivertiragence.com\/en\/#\/schema\/logo\/image\/","url":"https:\/\/justepourdivertiragence.com\/wp-content\/uploads\/2024\/10\/juste-pour-divertir-agence_logo.png","contentUrl":"https:\/\/justepourdivertiragence.com\/wp-content\/uploads\/2024\/10\/juste-pour-divertir-agence_logo.png","width":605,"height":190,"caption":"Amuz Agence"},"image":{"@id":"https:\/\/justepourdivertiragence.com\/en\/#\/schema\/logo\/image\/"},"sameAs":["https:\/\/www.linkedin.com\/company\/amuzagence\/about\/"]}]}},"_links":{"self":[{"href":"https:\/\/justepourdivertiragence.com\/en\/wp-json\/wp\/v2\/pages\/307769","targetHints":{"allow":["GET"]}}],"collection":[{"href":"https:\/\/justepourdivertiragence.com\/en\/wp-json\/wp\/v2\/pages"}],"about":[{"href":"https:\/\/justepourdivertiragence.com\/en\/wp-json\/wp\/v2\/types\/page"}],"author":[{"embeddable":true,"href":"https:\/\/justepourdivertiragence.com\/en\/wp-json\/wp\/v2\/users\/5"}],"replies":[{"embeddable":true,"href":"https:\/\/justepourdivertiragence.com\/en\/wp-json\/wp\/v2\/comments?post=307769"}],"version-history":[{"count":26,"href":"https:\/\/justepourdivertiragence.com\/en\/wp-json\/wp\/v2\/pages\/307769\/revisions"}],"predecessor-version":[{"id":309034,"href":"https:\/\/justepourdivertiragence.com\/en\/wp-json\/wp\/v2\/pages\/307769\/revisions\/309034"}],"wp:attachment":[{"href":"https:\/\/justepourdivertiragence.com\/en\/wp-json\/wp\/v2\/media?parent=307769"}],"curies":[{"name":"wp","href":"https:\/\/api.w.org\/{rel}","templated":true}]}}