{"id":307744,"date":"2024-09-26T11:52:29","date_gmt":"2024-09-26T15:52:29","guid":{"rendered":"https:\/\/justepourdivertiragence.com\/a-propos\/"},"modified":"2026-03-05T16:31:37","modified_gmt":"2026-03-05T21:31:37","slug":"about-us","status":"publish","type":"page","link":"https:\/\/justepourdivertiragence.com\/en\/about-us\/","title":{"rendered":"About"},"content":{"rendered":"<p>[et_pb_section fb_built=&#8221;1&#8243; module_class=&#8221;home_header home_header_with_small_image&#8221; _builder_version=&#8221;4.27.0&#8243; _module_preset=&#8221;default&#8221; background_color=&#8221;#f26722&#8243; global_colors_info=&#8221;{}&#8221;][et_pb_row _builder_version=&#8221;4.27.0&#8243; _module_preset=&#8221;default&#8221; global_colors_info=&#8221;{}&#8221;][et_pb_column type=&#8221;4_4&#8243; _builder_version=&#8221;4.27.0&#8243; _module_preset=&#8221;default&#8221; global_colors_info=&#8221;{}&#8221;][et_pb_image src=&#8221;https:\/\/justepourdivertiragence.com\/wp-content\/uploads\/2025\/04\/juste-pour-divertir-bg-rond-en.svg&#8221; title_text=&#8221;juste-pour-divertir-bg-rond-en&#8221; module_class=&#8221;home_small_image&#8221; _builder_version=&#8221;4.27.4&#8243; _module_preset=&#8221;default&#8221; global_colors_info=&#8221;{}&#8221;][\/et_pb_image][\/et_pb_column][\/et_pb_row][\/et_pb_section][et_pb_section fb_built=&#8221;1&#8243; module_class=&#8221;home_contact&#8221; _builder_version=&#8221;4.27.0&#8243; _module_preset=&#8221;default&#8221; global_colors_info=&#8221;{}&#8221;][et_pb_row _builder_version=&#8221;4.27.0&#8243; _module_preset=&#8221;default&#8221; global_colors_info=&#8221;{}&#8221;][et_pb_column type=&#8221;4_4&#8243; _builder_version=&#8221;4.27.0&#8243; _module_preset=&#8221;default&#8221; global_colors_info=&#8221;{}&#8221;][et_pb_heading title=&#8221;About us&#8221; disabled_on=&#8221;on|on|on&#8221; _builder_version=&#8221;4.27.4&#8243; _module_preset=&#8221;default&#8221; title_level=&#8221;h2&#8243; disabled=&#8221;on&#8221; global_colors_info=&#8221;{}&#8221;][\/et_pb_heading][\/et_pb_column][\/et_pb_row][et_pb_row module_class=&#8221;classic_features&#8221; _builder_version=&#8221;4.27.6&#8243; _module_preset=&#8221;default&#8221; hover_enabled=&#8221;0&#8243; global_colors_info=&#8221;{}&#8221; custom_padding=&#8221;138px||||false|false&#8221; sticky_enabled=&#8221;0&#8243;][et_pb_column type=&#8221;4_4&#8243; _builder_version=&#8221;4.27.0&#8243; _module_preset=&#8221;default&#8221; global_colors_info=&#8221;{}&#8221;][et_pb_text _builder_version=&#8221;4.27.4&#8243; _module_preset=&#8221;default&#8221; header_3_font_size=&#8221;0.8em&#8221; header_4_font=&#8221;Barlow|700||on|||||&#8221; global_colors_info=&#8221;{}&#8221;]<\/p>\n<h3>Professionalism, reliability, and enjoyment:<br \/>three key values that are part of the DNA of our company.<br \/><strong><\/strong><\/h3>\n<p><strong>JUST FOR ENTERTAINMENT Agency,<\/strong> a subsidiary of the Just For Entertainment Group, is dedicated to offering its clients the best artists with entertaining and inspiring content.<\/p>\n<p>With over 25 years of experience, the agency&#8217;s advisors aim to support clients with their entertainment needs by helping them find the right artist for their event and programming.<\/p>\n<p>The Just For Entertainment Agency is made up of expert advisors who work in their individual fields of specialty.<\/p>\n<p>[\/et_pb_text][\/et_pb_column][\/et_pb_row][\/et_pb_section][et_pb_section fb_built=&#8221;1&#8243; module_class=&#8221;timeline_slider&#8221; _builder_version=&#8221;4.27.0&#8243; _module_preset=&#8221;default&#8221; global_colors_info=&#8221;{}&#8221;][et_pb_row use_custom_gutter=&#8221;on&#8221; make_equal=&#8221;on&#8221; _builder_version=&#8221;4.27.4&#8243; _module_preset=&#8221;default&#8221; width=&#8221;100%&#8221; max_width=&#8221;2560px&#8221; global_colors_info=&#8221;{}&#8221;][et_pb_column type=&#8221;4_4&#8243; _builder_version=&#8221;4.27.0&#8243; _module_preset=&#8221;default&#8221; global_colors_info=&#8221;{}&#8221;][et_pb_slider _builder_version=&#8221;4.27.4&#8243; _module_preset=&#8221;default&#8221; header_text_color=&#8221;#001f30&#8243; body_text_color=&#8221;#001f30&#8243; background_color=&#8221;RGBA(255,255,255,0)&#8221; custom_margin=&#8221;0px|0px|0px|0px|false|false&#8221; custom_padding=&#8221;0px|0px|0px|0px|false|false&#8221; global_colors_info=&#8221;{}&#8221;][et_pb_slide heading=&#8221;1997&#8243; _builder_version=&#8221;4.27.4&#8243; _module_preset=&#8221;default&#8221; global_colors_info=&#8221;{}&#8221; sticky_transition=&#8221;on&#8221;]<\/p>\n<p>In 1997, the Qu\u00e9beComm Agency was founded in Qu\u00e9bec\u2019s national capital. A small communication agency composed of two employees.<\/p>\n<p>[\/et_pb_slide][et_pb_slide heading=&#8221;2015&#8243; _builder_version=&#8221;4.27.4&#8243; _module_preset=&#8221;default&#8221; global_colors_info=&#8221;{}&#8221; sticky_transition=&#8221;on&#8221;]<\/p>\n<p>Little by little, Qu\u00e9beComm transitioned from a communication agency to an event organizer, then to a show producer, and eventually to a television producer which led to the creation of the ComediHa! brand in 2015.<\/p>\n<p>For over 25 years, within the province of Qu\u00e9bec, ComediHa! has been a leader in the entertainment industry. With over 100 permanent employees and nearly 4,000 temporary staff spread across Qu\u00e9bec, Montreal, Paris, and Hollywood, ComediHa! has been dedicated to &#8216;Making the world laugh.&#8217;<\/p>\n<p>For the past 25 years, the ComediHa! Fest &#8211; Qu\u00e9bec has attracted over 750,000 visitors, making it the largest Francophone Comedy festival in the world!<\/p>\n<p>[\/et_pb_slide][et_pb_slide heading=&#8221;February 2024&#8243; _builder_version=&#8221;4.27.4&#8243; _module_preset=&#8221;default&#8221; global_colors_info=&#8221;{}&#8221; sticky_transition=&#8221;on&#8221;]<\/p>\n<p>In February 2024, the ComediHa! Agency changed its name to AMUZ Agency. Much more than just a new name, AMUZ also redefined the company&#8217;s DNA, broadening its mission and service offerings. Now fully dedicated to bringing together talent to create, produce, and distribute entertaining content alongside strong and established brands.<\/p>\n<p>[\/et_pb_slide][et_pb_slide heading=&#8221;February 2024&#8243; _builder_version=&#8221;4.27.4&#8243; _module_preset=&#8221;default&#8221; global_colors_info=&#8221;{}&#8221; sticky_transition=&#8221;on&#8221;]<\/p>\n<p>Also in the same month, ComediHa! announced the acquisition of \u201cProductions Martin Leclerc\u201d. This acquisition was part of ComediHa!\u2019s new strategic plan to diversify the creation, production, and distribution of content within the organization, in synergy with its music division, SISMYK.<\/p>\n<p>[\/et_pb_slide][et_pb_slide heading=&#8221;June 2024&#8243; _builder_version=&#8221;4.27.4&#8243; _module_preset=&#8221;default&#8221; global_colors_info=&#8221;{}&#8221; sticky_transition=&#8221;on&#8221;]<\/p>\n<p>In June 2024, ComediHa! acquired assets from Juste pour rire and Just For Laughs, solidifying its position as a major player in comedy within the province of Qu\u00e9bec, Canada, and internationally. Specifically, the transaction includes the acquisition of brands such as the Juste pour rire, Just For Laughs, ZooFest, ComedyPro brands, the Gags, as well as the audiovisual catalog.<\/p>\n<p>[\/et_pb_slide][et_pb_slide heading=&#8221;October 2024&#8243; _builder_version=&#8221;4.27.4&#8243; _module_preset=&#8221;default&#8221; global_colors_info=&#8221;{}&#8221; sticky_transition=&#8221;on&#8221;]<\/p>\n<p>In October 2024, the Just For Entertainment Group was created to unify all the entities of ComediHa! In the same month, the AMUZ entertainment agency changed its name to become the Just For Entertainment Agency.<\/p>\n<p>[\/et_pb_slide][\/et_pb_slider][\/et_pb_column][\/et_pb_row][\/et_pb_section][et_pb_section fb_built=&#8221;1&#8243; admin_label=&#8221;Section&#8221; module_class=&#8221;home_organisateurs&#8221; _builder_version=&#8221;4.27.4&#8243; _module_preset=&#8221;default&#8221; background_color=&#8221;#001f30&#8243; custom_padding=&#8221;||7px|||&#8221; border_width_bottom=&#8221;2px&#8221; border_color_bottom=&#8221;#FFFFFF&#8221; global_module=&#8221;308526&#8243; global_colors_info=&#8221;{}&#8221;][et_pb_row column_structure=&#8221;1_4,1_2,1_4&#8243; module_class=&#8221;home_organisateurs_cta&#8221; _builder_version=&#8221;4.27.0&#8243; _module_preset=&#8221;default&#8221; global_colors_info=&#8221;{}&#8221;][et_pb_column type=&#8221;1_4&#8243; _builder_version=&#8221;4.27.0&#8243; _module_preset=&#8221;default&#8221; global_colors_info=&#8221;{}&#8221;][\/et_pb_column][et_pb_column type=&#8221;1_2&#8243; _builder_version=&#8221;4.27.0&#8243; _module_preset=&#8221;default&#8221; global_colors_info=&#8221;{}&#8221;][et_pb_heading title=&#8221;Looking for entertainment suggestions<\/br> for your next event&#8221; admin_label=&#8221;Heading&#8221; _builder_version=&#8221;4.27.4&#8243; _module_preset=&#8221;default&#8221; title_level=&#8221;h2&#8243; global_colors_info=&#8221;{}&#8221;][\/et_pb_heading][et_pb_text _builder_version=&#8221;4.27.4&#8243; _module_preset=&#8221;default&#8221; global_colors_info=&#8221;{}&#8221;]<\/p>\n<p>Let the experts at the JUST FOR ENTERTAINMENT AGENCY help you!<\/p>\n<p>[\/et_pb_text][et_pb_button button_url=&#8221;@ET-DC@eyJkeW5hbWljIjp0cnVlLCJjb250ZW50IjoicG9zdF9saW5rX3VybF9wYWdlIiwic2V0dGluZ3MiOnsicG9zdF9pZCI6IjMwNjg2NCJ9fQ==@&#8221; button_text=&#8221;PLANIFIER AVEC JUSTE POUR DIVERTIR&#8221; disabled_on=&#8221;on|on|on&#8221; admin_label=&#8221;Button&#8221; _builder_version=&#8221;4.27.4&#8243; _dynamic_attributes=&#8221;button_url&#8221; _module_preset=&#8221;default&#8221; button_text_size=&#8221;2em&#8221; button_text_color=&#8221;#ffffff&#8221; disabled=&#8221;on&#8221; global_colors_info=&#8221;{}&#8221;][\/et_pb_button][\/et_pb_column][et_pb_column type=&#8221;1_4&#8243; _builder_version=&#8221;4.27.0&#8243; _module_preset=&#8221;default&#8221; global_colors_info=&#8221;{}&#8221;][\/et_pb_column][\/et_pb_row][et_pb_row _builder_version=&#8221;4.27.0&#8243; _module_preset=&#8221;default&#8221; global_colors_info=&#8221;{}&#8221;][et_pb_column type=&#8221;4_4&#8243; _builder_version=&#8221;4.27.0&#8243; _module_preset=&#8221;default&#8221; global_colors_info=&#8221;{}&#8221;][et_pb_divider admin_label=&#8221;Divider&#8221; _builder_version=&#8221;4.27.0&#8243; _module_preset=&#8221;default&#8221; global_colors_info=&#8221;{}&#8221;][\/et_pb_divider][\/et_pb_column][\/et_pb_row][et_pb_row admin_label=&#8221;Row&#8221; module_class=&#8221;home_liste_organisateurs&#8221; _builder_version=&#8221;4.27.4&#8243; _module_preset=&#8221;default&#8221; custom_margin=&#8221;||10px||false|false&#8221; global_colors_info=&#8221;{}&#8221;][et_pb_column type=&#8221;4_4&#8243; _builder_version=&#8221;4.27.4&#8243; _module_preset=&#8221;default&#8221; global_colors_info=&#8221;{}&#8221;][et_pb_heading title=&#8221;English corporate events &#038; festivals outside of Qu\u00e9bec:&#8221; _builder_version=&#8221;4.27.4&#8243; _module_preset=&#8221;default&#8221; title_level=&#8221;h3&#8243; custom_padding=&#8221;||19px||false|false&#8221; global_colors_info=&#8221;{}&#8221;][\/et_pb_heading][et_pb_text admin_label=&#8221;Text&#8221; _builder_version=&#8221;4.27.4&#8243; _module_preset=&#8221;default&#8221; global_colors_info=&#8221;{}&#8221;]<\/p>\n<p><strong>CLAUDIA LEVASSEUR<br \/><\/strong><br \/>Director of English Corporate Events &amp; Festivals<\/p>\n<p>+1 514 641-1461<\/p>\n<p>&nbsp;<\/p>\n<div class=\"m_btn\"><a href=\"mailto:claudia.levasseur@groupejustepourdivertir.com\">CONTACT<\/a><\/div>\n<p>[\/et_pb_text][\/et_pb_column][\/et_pb_row][\/et_pb_section]<\/p>\n","protected":false},"excerpt":{"rendered":"<p>Professionalism, reliability, and enjoyment:three key values that are part of the DNA of our company. JUST FOR ENTERTAINMENT Agency, a subsidiary of the Just For Entertainment Group, is dedicated to offering its clients the best artists with entertaining and inspiring content. With over 25 years of experience, the agency&#8217;s advisors aim to support clients with their entertainment needs by helping them find the right artist for their event and programming. The Just For Entertainment Agency is made up of expert advisors who work in their individual fields of specialty.In 1997, the Qu\u00e9beComm Agency was founded in Qu\u00e9bec\u2019s national capital. A small communication agency composed of two employees.Little by little, Qu\u00e9beComm transitioned from a communication agency to an event organizer, then to a show producer, and eventually to a television producer which led to the creation of the ComediHa! brand in 2015. For over 25 years, within the province of Qu\u00e9bec, ComediHa! has been a leader in the entertainment industry. With over 100 permanent employees and nearly 4,000 temporary staff spread across Qu\u00e9bec, Montreal, Paris, and Hollywood, ComediHa! has been dedicated to &#8216;Making the world laugh.&#8217; For the past 25 years, the ComediHa! Fest &#8211; Qu\u00e9bec has attracted over 750,000 visitors, [&hellip;]<\/p>\n","protected":false},"author":5,"featured_media":0,"parent":0,"menu_order":0,"comment_status":"closed","ping_status":"closed","template":"","meta":{"_acf_changed":false,"_et_pb_use_builder":"on","_et_pb_old_content":"","_et_gb_content_width":"","footnotes":""},"class_list":["post-307744","page","type-page","status-publish","hentry"],"acf":[],"yoast_head":"<!-- This site is optimized with the Yoast SEO plugin v27.1.1 - https:\/\/yoast.com\/product\/yoast-seo-wordpress\/ -->\n<title>Juste pour divertir agence<\/title>\n<meta name=\"description\" content=\"Les conseillers en divertissement de l\u2019agence ont pour objectif d\u2019accompagner les clients dans l\u2019organisation de spectacles, d\u2019\u00e9v\u00e9nements corporatifs et la programmation culturelle en tous genres.\" \/>\n<meta name=\"robots\" content=\"index, follow, max-snippet:-1, max-image-preview:large, max-video-preview:-1\" \/>\n<link rel=\"canonical\" href=\"https:\/\/justepourdivertiragence.com\/en\/about-us\/\" \/>\n<meta property=\"og:locale\" content=\"en_US\" \/>\n<meta property=\"og:type\" content=\"article\" \/>\n<meta property=\"og:title\" content=\"Juste pour divertir agence\" \/>\n<meta property=\"og:description\" content=\"Les conseillers en divertissement de l\u2019agence ont pour objectif d\u2019accompagner les clients dans l\u2019organisation de spectacles, d\u2019\u00e9v\u00e9nements corporatifs et la programmation culturelle en tous genres.\" \/>\n<meta property=\"og:site_name\" content=\"Juste pour divertir agence\" \/>\n<meta property=\"article:modified_time\" content=\"2026-03-05T21:31:37+00:00\" \/>\n<meta name=\"twitter:card\" content=\"summary_large_image\" \/>\n<meta name=\"twitter:label1\" content=\"Est. reading time\" \/>\n\t<meta name=\"twitter:data1\" content=\"4 minutes\" \/>\n<script type=\"application\/ld+json\" class=\"yoast-schema-graph\">{\"@context\":\"https:\/\/schema.org\",\"@graph\":[{\"@type\":\"WebPage\",\"@id\":\"https:\/\/justepourdivertiragence.com\/en\/about-us\/\",\"url\":\"https:\/\/justepourdivertiragence.com\/en\/about-us\/\",\"name\":\"Juste pour divertir agence\",\"isPartOf\":{\"@id\":\"https:\/\/justepourdivertiragence.com\/en\/#website\"},\"datePublished\":\"2024-09-26T15:52:29+00:00\",\"dateModified\":\"2026-03-05T21:31:37+00:00\",\"description\":\"Les conseillers en divertissement de l\u2019agence ont pour objectif d\u2019accompagner les clients dans l\u2019organisation de spectacles, d\u2019\u00e9v\u00e9nements corporatifs et la programmation culturelle en tous genres.\",\"breadcrumb\":{\"@id\":\"https:\/\/justepourdivertiragence.com\/en\/about-us\/#breadcrumb\"},\"inLanguage\":\"en-US\",\"potentialAction\":[{\"@type\":\"ReadAction\",\"target\":[\"https:\/\/justepourdivertiragence.com\/en\/about-us\/\"]}]},{\"@type\":\"BreadcrumbList\",\"@id\":\"https:\/\/justepourdivertiragence.com\/en\/about-us\/#breadcrumb\",\"itemListElement\":[{\"@type\":\"ListItem\",\"position\":1,\"name\":\"Home\",\"item\":\"https:\/\/justepourdivertiragence.com\/en\/\"},{\"@type\":\"ListItem\",\"position\":2,\"name\":\"About\"}]},{\"@type\":\"WebSite\",\"@id\":\"https:\/\/justepourdivertiragence.com\/en\/#website\",\"url\":\"https:\/\/justepourdivertiragence.com\/en\/\",\"name\":\"Juste pour divertir Agence\",\"description\":\"ARISTES - \u00c9V\u00c9NEMENTS CORPORATIFS - FESTIVALS - TOURN\u00c9ES\",\"publisher\":{\"@id\":\"https:\/\/justepourdivertiragence.com\/en\/#organization\"},\"potentialAction\":[{\"@type\":\"SearchAction\",\"target\":{\"@type\":\"EntryPoint\",\"urlTemplate\":\"https:\/\/justepourdivertiragence.com\/en\/?s={search_term_string}\"},\"query-input\":{\"@type\":\"PropertyValueSpecification\",\"valueRequired\":true,\"valueName\":\"search_term_string\"}}],\"inLanguage\":\"en-US\"},{\"@type\":\"Organization\",\"@id\":\"https:\/\/justepourdivertiragence.com\/en\/#organization\",\"name\":\"Amuz Agence\",\"url\":\"https:\/\/justepourdivertiragence.com\/en\/\",\"logo\":{\"@type\":\"ImageObject\",\"inLanguage\":\"en-US\",\"@id\":\"https:\/\/justepourdivertiragence.com\/en\/#\/schema\/logo\/image\/\",\"url\":\"https:\/\/justepourdivertiragence.com\/wp-content\/uploads\/2024\/10\/juste-pour-divertir-agence_logo.png\",\"contentUrl\":\"https:\/\/justepourdivertiragence.com\/wp-content\/uploads\/2024\/10\/juste-pour-divertir-agence_logo.png\",\"width\":605,\"height\":190,\"caption\":\"Amuz Agence\"},\"image\":{\"@id\":\"https:\/\/justepourdivertiragence.com\/en\/#\/schema\/logo\/image\/\"},\"sameAs\":[\"https:\/\/www.linkedin.com\/company\/amuzagence\/about\/\"]}]}<\/script>\n<!-- \/ Yoast SEO plugin. -->","yoast_head_json":{"title":"Juste pour divertir agence","description":"Les conseillers en divertissement de l\u2019agence ont pour objectif d\u2019accompagner les clients dans l\u2019organisation de spectacles, d\u2019\u00e9v\u00e9nements corporatifs et la programmation culturelle en tous genres.","robots":{"index":"index","follow":"follow","max-snippet":"max-snippet:-1","max-image-preview":"max-image-preview:large","max-video-preview":"max-video-preview:-1"},"canonical":"https:\/\/justepourdivertiragence.com\/en\/about-us\/","og_locale":"en_US","og_type":"article","og_title":"Juste pour divertir agence","og_description":"Les conseillers en divertissement de l\u2019agence ont pour objectif d\u2019accompagner les clients dans l\u2019organisation de spectacles, d\u2019\u00e9v\u00e9nements corporatifs et la programmation culturelle en tous genres.","og_site_name":"Juste pour divertir agence","article_modified_time":"2026-03-05T21:31:37+00:00","twitter_card":"summary_large_image","twitter_misc":{"Est. reading time":"4 minutes"},"schema":{"@context":"https:\/\/schema.org","@graph":[{"@type":"WebPage","@id":"https:\/\/justepourdivertiragence.com\/en\/about-us\/","url":"https:\/\/justepourdivertiragence.com\/en\/about-us\/","name":"Juste pour divertir agence","isPartOf":{"@id":"https:\/\/justepourdivertiragence.com\/en\/#website"},"datePublished":"2024-09-26T15:52:29+00:00","dateModified":"2026-03-05T21:31:37+00:00","description":"Les conseillers en divertissement de l\u2019agence ont pour objectif d\u2019accompagner les clients dans l\u2019organisation de spectacles, d\u2019\u00e9v\u00e9nements corporatifs et la programmation culturelle en tous genres.","breadcrumb":{"@id":"https:\/\/justepourdivertiragence.com\/en\/about-us\/#breadcrumb"},"inLanguage":"en-US","potentialAction":[{"@type":"ReadAction","target":["https:\/\/justepourdivertiragence.com\/en\/about-us\/"]}]},{"@type":"BreadcrumbList","@id":"https:\/\/justepourdivertiragence.com\/en\/about-us\/#breadcrumb","itemListElement":[{"@type":"ListItem","position":1,"name":"Home","item":"https:\/\/justepourdivertiragence.com\/en\/"},{"@type":"ListItem","position":2,"name":"About"}]},{"@type":"WebSite","@id":"https:\/\/justepourdivertiragence.com\/en\/#website","url":"https:\/\/justepourdivertiragence.com\/en\/","name":"Juste pour divertir Agence","description":"ARISTES - \u00c9V\u00c9NEMENTS CORPORATIFS - FESTIVALS - TOURN\u00c9ES","publisher":{"@id":"https:\/\/justepourdivertiragence.com\/en\/#organization"},"potentialAction":[{"@type":"SearchAction","target":{"@type":"EntryPoint","urlTemplate":"https:\/\/justepourdivertiragence.com\/en\/?s={search_term_string}"},"query-input":{"@type":"PropertyValueSpecification","valueRequired":true,"valueName":"search_term_string"}}],"inLanguage":"en-US"},{"@type":"Organization","@id":"https:\/\/justepourdivertiragence.com\/en\/#organization","name":"Amuz Agence","url":"https:\/\/justepourdivertiragence.com\/en\/","logo":{"@type":"ImageObject","inLanguage":"en-US","@id":"https:\/\/justepourdivertiragence.com\/en\/#\/schema\/logo\/image\/","url":"https:\/\/justepourdivertiragence.com\/wp-content\/uploads\/2024\/10\/juste-pour-divertir-agence_logo.png","contentUrl":"https:\/\/justepourdivertiragence.com\/wp-content\/uploads\/2024\/10\/juste-pour-divertir-agence_logo.png","width":605,"height":190,"caption":"Amuz Agence"},"image":{"@id":"https:\/\/justepourdivertiragence.com\/en\/#\/schema\/logo\/image\/"},"sameAs":["https:\/\/www.linkedin.com\/company\/amuzagence\/about\/"]}]}},"_links":{"self":[{"href":"https:\/\/justepourdivertiragence.com\/en\/wp-json\/wp\/v2\/pages\/307744","targetHints":{"allow":["GET"]}}],"collection":[{"href":"https:\/\/justepourdivertiragence.com\/en\/wp-json\/wp\/v2\/pages"}],"about":[{"href":"https:\/\/justepourdivertiragence.com\/en\/wp-json\/wp\/v2\/types\/page"}],"author":[{"embeddable":true,"href":"https:\/\/justepourdivertiragence.com\/en\/wp-json\/wp\/v2\/users\/5"}],"replies":[{"embeddable":true,"href":"https:\/\/justepourdivertiragence.com\/en\/wp-json\/wp\/v2\/comments?post=307744"}],"version-history":[{"count":40,"href":"https:\/\/justepourdivertiragence.com\/en\/wp-json\/wp\/v2\/pages\/307744\/revisions"}],"predecessor-version":[{"id":309032,"href":"https:\/\/justepourdivertiragence.com\/en\/wp-json\/wp\/v2\/pages\/307744\/revisions\/309032"}],"wp:attachment":[{"href":"https:\/\/justepourdivertiragence.com\/en\/wp-json\/wp\/v2\/media?parent=307744"}],"curies":[{"name":"wp","href":"https:\/\/api.w.org\/{rel}","templated":true}]}}