{"id":307738,"date":"2024-09-23T13:20:52","date_gmt":"2024-09-23T17:20:52","guid":{"rendered":"https:\/\/justepourdivertiragence.com\/nos-artistes\/"},"modified":"2025-11-28T16:09:14","modified_gmt":"2025-11-28T21:09:14","slug":"our-artists","status":"publish","type":"page","link":"https:\/\/justepourdivertiragence.com\/en\/our-artists\/","title":{"rendered":"Our artists"},"content":{"rendered":"<p>[et_pb_section fb_built=&#8221;1&#8243; module_class=&#8221;home_header&#8221; _builder_version=&#8221;4.27.0&#8243; _module_preset=&#8221;default&#8221; background_color=&#8221;#f26722&#8243; global_colors_info=&#8221;{}&#8221;][et_pb_row _builder_version=&#8221;4.27.0&#8243; _module_preset=&#8221;default&#8221; global_colors_info=&#8221;{}&#8221;][et_pb_column type=&#8221;4_4&#8243; _builder_version=&#8221;4.27.0&#8243; _module_preset=&#8221;default&#8221; global_colors_info=&#8221;{}&#8221;][dsm_mask_text mask_text=&#8221;Talent <\/br>Agency &#8221; image=&#8221;https:\/\/justepourdivertiragence.com\/wp-content\/uploads\/2025\/04\/hero_en.jpg&#8221; image_background_size=&#8221;contain&#8221; image_background_repeat=&#8221;repeat&#8221; heading_html_tag=&#8221;h1&#8243; _builder_version=&#8221;4.27.4&#8243; _module_preset=&#8221;default&#8221; header_font=&#8221;&#8211;et_global_heading_font|800||on|||||&#8221; header_font_size=&#8221;15rem&#8221; header_letter_spacing=&#8221;-14px&#8221; header_line_height=&#8221;0.8em&#8221; filter_saturate=&#8221;193%&#8221; filter_brightness=&#8221;54%&#8221; header_font_size_tablet=&#8221;7rem&#8221; header_font_size_phone=&#8221;5rem&#8221; header_font_size_last_edited=&#8221;on|phone&#8221; global_module=&#8221;308164&#8243; global_colors_info=&#8221;{}&#8221;][\/dsm_mask_text][et_pb_heading title=&#8221;\u201c A world of entertainment \u201d&#8221; admin_label=&#8221;Heading&#8221; _builder_version=&#8221;4.27.4&#8243; _module_preset=&#8221;default&#8221; global_colors_info=&#8221;{}&#8221;][\/et_pb_heading][et_pb_heading title=&#8221;LOOKING FOR AN ARTIST?&#8221; admin_label=&#8221;Heading&#8221; _builder_version=&#8221;4.27.4&#8243; _module_preset=&#8221;default&#8221; title_level=&#8221;h2&#8243; global_colors_info=&#8221;{}&#8221;][\/et_pb_heading][\/et_pb_column][\/et_pb_row][\/et_pb_section][et_pb_section fb_built=&#8221;1&#8243; module_class=&#8221;home_slider_1&#8243; _builder_version=&#8221;4.27.0&#8243; _module_preset=&#8221;default&#8221; global_colors_info=&#8221;{}&#8221;][et_pb_row _builder_version=&#8221;4.27.0&#8243; _module_preset=&#8221;default&#8221; global_colors_info=&#8221;{}&#8221;][et_pb_column type=&#8221;4_4&#8243; _builder_version=&#8221;4.27.0&#8243; _module_preset=&#8221;default&#8221; global_colors_info=&#8221;{}&#8221;][et_pb_text admin_label=&#8221;Text&#8221; module_class=&#8221;artiste_text_intro&#8221; _builder_version=&#8221;4.27.4&#8243; _module_preset=&#8221;default&#8221; global_colors_info=&#8221;{}&#8221;]<\/p>\n<p>Just For Entertainment Agency a subsidiary of the Just To Entertain Group, has a mission to bring together the best talent to provide its clients with entertaining and inspiring content.<\/p>\n<p>[\/et_pb_text][\/et_pb_column][\/et_pb_row][\/et_pb_section][et_pb_section fb_built=&#8221;1&#8243; module_class=&#8221;home_artistes home_artistes_regular&#8221; _builder_version=&#8221;4.27.0&#8243; _module_preset=&#8221;default&#8221; global_colors_info=&#8221;{}&#8221;][et_pb_row _builder_version=&#8221;4.27.0&#8243; _module_preset=&#8221;default&#8221; global_colors_info=&#8221;{}&#8221;][et_pb_column type=&#8221;4_4&#8243; _builder_version=&#8221;4.27.0&#8243; _module_preset=&#8221;default&#8221; global_colors_info=&#8221;{}&#8221;][et_pb_de_mach_archive_loop post_type_choose=&#8221;artistes&#8221; loop_layout=&#8221;306258&#8243; posts_number=&#8221;8&#8243; include_tags=&#8221;accueil-artistes&#8221; admin_label=&#8221;Archive Loop &#8211; Divi Machine&#8221; module_class=&#8221;home_artistes&#8221; _builder_version=&#8221;4.27.2&#8243; _module_preset=&#8221;default&#8221; global_colors_info=&#8221;{}&#8221;][\/et_pb_de_mach_archive_loop][et_pb_text admin_label=&#8221;Text&#8221; module_class=&#8221;artiste_text_intro&#8221; _builder_version=&#8221;4.27.4&#8243; _module_preset=&#8221;default&#8221; custom_margin=&#8221;100px||100px||true|false&#8221; custom_padding=&#8221;100px||100px||true|false&#8221; global_colors_info=&#8221;{}&#8221;]<\/p>\n<p>With more than 25 years of experience, the agency\u2019s consultants aim to assist clients in the organization of shows, corporate events, festival programming and cultural events of all kinds.<\/p>\n<p>Animators, speakers, comedians, musical artists and groups, the agency\u2019s catalog Just For Entertainment is composed of diverse artists, allowing the agency to present a high-quality service offer for all types of events and budgets.<\/p>\n<p>[\/et_pb_text][\/et_pb_column][\/et_pb_row][\/et_pb_section][et_pb_section fb_built=&#8221;1&#8243; admin_label=&#8221;Section&#8221; module_class=&#8221;home_organisateurs&#8221; _builder_version=&#8221;4.27.4&#8243; _module_preset=&#8221;default&#8221; background_color=&#8221;#001f30&#8243; custom_padding=&#8221;||7px|||&#8221; border_width_bottom=&#8221;2px&#8221; border_color_bottom=&#8221;#FFFFFF&#8221; global_colors_info=&#8221;{}&#8221; global_module=&#8221;308526&#8243; theme_builder_area=&#8221;post_content&#8221;][et_pb_row column_structure=&#8221;1_4,1_2,1_4&#8243; module_class=&#8221;home_organisateurs_cta&#8221; _builder_version=&#8221;4.27.0&#8243; _module_preset=&#8221;default&#8221; global_colors_info=&#8221;{}&#8221; theme_builder_area=&#8221;post_content&#8221;][et_pb_column type=&#8221;1_4&#8243; _builder_version=&#8221;4.27.0&#8243; _module_preset=&#8221;default&#8221; global_colors_info=&#8221;{}&#8221; theme_builder_area=&#8221;post_content&#8221;][\/et_pb_column][et_pb_column type=&#8221;1_2&#8243; _builder_version=&#8221;4.27.0&#8243; _module_preset=&#8221;default&#8221; global_colors_info=&#8221;{}&#8221; theme_builder_area=&#8221;post_content&#8221;][et_pb_heading title=&#8221;Looking for entertainment suggestions<\/br> for your next event&#8221; admin_label=&#8221;Heading&#8221; _builder_version=&#8221;4.27.4&#8243; _module_preset=&#8221;default&#8221; title_level=&#8221;h2&#8243; global_colors_info=&#8221;{}&#8221; theme_builder_area=&#8221;post_content&#8221;][\/et_pb_heading][et_pb_text _builder_version=&#8221;4.27.4&#8243; _module_preset=&#8221;default&#8221; global_colors_info=&#8221;{}&#8221; theme_builder_area=&#8221;post_content&#8221;]<\/p>\n<p>Let the experts at the JUST FOR ENTERTAINMENT AGENCY help you!<\/p>\n<p>[\/et_pb_text][et_pb_button button_url=&#8221;@ET-DC@eyJkeW5hbWljIjp0cnVlLCJjb250ZW50IjoicG9zdF9saW5rX3VybF9wYWdlIiwic2V0dGluZ3MiOnsicG9zdF9pZCI6IjMwNjg2NCJ9fQ==@&#8221; button_text=&#8221;PLANIFIER AVEC JUSTE POUR DIVERTIR&#8221; disabled_on=&#8221;on|on|on&#8221; admin_label=&#8221;Button&#8221; _builder_version=&#8221;4.27.4&#8243; _dynamic_attributes=&#8221;button_url&#8221; _module_preset=&#8221;default&#8221; button_text_size=&#8221;2em&#8221; button_text_color=&#8221;#ffffff&#8221; disabled=&#8221;on&#8221; global_colors_info=&#8221;{}&#8221; theme_builder_area=&#8221;post_content&#8221;][\/et_pb_button][\/et_pb_column][et_pb_column type=&#8221;1_4&#8243; _builder_version=&#8221;4.27.0&#8243; _module_preset=&#8221;default&#8221; global_colors_info=&#8221;{}&#8221; theme_builder_area=&#8221;post_content&#8221;][\/et_pb_column][\/et_pb_row][et_pb_row _builder_version=&#8221;4.27.0&#8243; _module_preset=&#8221;default&#8221; global_colors_info=&#8221;{}&#8221; theme_builder_area=&#8221;post_content&#8221;][et_pb_column type=&#8221;4_4&#8243; _builder_version=&#8221;4.27.0&#8243; _module_preset=&#8221;default&#8221; global_colors_info=&#8221;{}&#8221; theme_builder_area=&#8221;post_content&#8221;][et_pb_divider admin_label=&#8221;Divider&#8221; _builder_version=&#8221;4.27.0&#8243; _module_preset=&#8221;default&#8221; global_colors_info=&#8221;{}&#8221; theme_builder_area=&#8221;post_content&#8221;][\/et_pb_divider][\/et_pb_column][\/et_pb_row][et_pb_row admin_label=&#8221;Row&#8221; module_class=&#8221;home_liste_organisateurs&#8221; _builder_version=&#8221;4.27.4&#8243; _module_preset=&#8221;default&#8221; custom_margin=&#8221;||10px||false|false&#8221; global_colors_info=&#8221;{}&#8221; theme_builder_area=&#8221;post_content&#8221;][et_pb_column type=&#8221;4_4&#8243; _builder_version=&#8221;4.27.4&#8243; _module_preset=&#8221;default&#8221; global_colors_info=&#8221;{}&#8221; theme_builder_area=&#8221;post_content&#8221;][et_pb_heading title=&#8221;English corporate events &#038; festivals outside of Qu\u00e9bec:&#8221; _builder_version=&#8221;4.27.4&#8243; _module_preset=&#8221;default&#8221; title_level=&#8221;h3&#8243; custom_padding=&#8221;||19px||false|false&#8221; global_colors_info=&#8221;{}&#8221; theme_builder_area=&#8221;post_content&#8221;][\/et_pb_heading][et_pb_text admin_label=&#8221;Text&#8221; _builder_version=&#8221;4.27.4&#8243; _module_preset=&#8221;default&#8221; global_colors_info=&#8221;{}&#8221; theme_builder_area=&#8221;post_content&#8221;]<\/p>\n<p><strong>CLAUDIA LEVASSEUR<br \/><\/strong><br \/>Director of English Corporate Events &amp; Festivals<\/p>\n<p>+1 514 641-1461<\/p>\n<p>&nbsp;<\/p>\n<div class=\"m_btn\"><a href=\"mailto:claudia.levasseur@groupejustepourdivertir.com\">CONTACT<\/a><\/div>\n<p>[\/et_pb_text][\/et_pb_column][\/et_pb_row][\/et_pb_section]<\/p>\n","protected":false},"excerpt":{"rendered":"<p><div class=\"et_pb_module dsm_mask_text dsm_mask_text_0\">\n\t\t\t\t\n\t\t\t\t\n\t\t\t\t\n\t\t\t\t\n\t\t\t\t\n\t\t\t\t\n\t\t\t\t<div class=\"et_pb_module_inner\">\n\t\t\t\t\t<h1 class=\"dsm-mask-text et_pb_module_header\">Talent <\/br>Agency <\/h1>\n\t\t\t\t<\/div>\n\t\t\t<\/div>Just For Entertainment Agency a subsidiary of the Just To Entertain Group, has a mission to bring together the best talent to provide its clients with entertaining and inspiring content.With more than 25 years of experience, the agency\u2019s consultants aim to assist clients in the organization of shows, corporate events, festival programming and cultural events of all kinds. Animators, speakers, comedians, musical artists and groups, the agency\u2019s catalog Just For Entertainment is composed of diverse artists, allowing the agency to present a high-quality service offer for all types of events and budgets.Let the experts at the JUST FOR ENTERTAINMENT AGENCY help you!CLAUDIA LEVASSEURDirector of English Corporate Events &amp; Festivals +1 514 641-1461 &nbsp; CONTACT<\/p>\n","protected":false},"author":4,"featured_media":0,"parent":0,"menu_order":0,"comment_status":"closed","ping_status":"closed","template":"","meta":{"_acf_changed":false,"_et_pb_use_builder":"on","_et_pb_old_content":"","_et_gb_content_width":"","footnotes":""},"class_list":["post-307738","page","type-page","status-publish","hentry"],"acf":[],"yoast_head":"<!-- This site is optimized with the Yoast SEO plugin v27.1.1 - https:\/\/yoast.com\/product\/yoast-seo-wordpress\/ -->\n<title>Juste pour divertir agence<\/title>\n<meta name=\"description\" content=\"Les conseillers en divertissement de l\u2019agence ont pour objectif d\u2019accompagner les clients dans l\u2019organisation de spectacles, d\u2019\u00e9v\u00e9nements corporatifs et la programmation culturelle en tous genres.\" \/>\n<meta name=\"robots\" content=\"index, follow, max-snippet:-1, max-image-preview:large, max-video-preview:-1\" \/>\n<link rel=\"canonical\" href=\"https:\/\/justepourdivertiragence.com\/en\/our-artists\/\" \/>\n<meta property=\"og:locale\" content=\"en_US\" \/>\n<meta property=\"og:type\" content=\"article\" \/>\n<meta property=\"og:title\" content=\"Juste pour divertir agence\" \/>\n<meta property=\"og:description\" content=\"Les conseillers en divertissement de l\u2019agence ont pour objectif d\u2019accompagner les clients dans l\u2019organisation de spectacles, d\u2019\u00e9v\u00e9nements corporatifs et la programmation culturelle en tous genres.\" \/>\n<meta property=\"og:site_name\" content=\"Juste pour divertir agence\" \/>\n<meta property=\"article:modified_time\" content=\"2025-11-28T21:09:14+00:00\" \/>\n<meta name=\"twitter:card\" content=\"summary_large_image\" \/>\n<meta name=\"twitter:label1\" content=\"Est. reading time\" \/>\n\t<meta name=\"twitter:data1\" content=\"12 minutes\" \/>\n<script type=\"application\/ld+json\" class=\"yoast-schema-graph\">{\"@context\":\"https:\/\/schema.org\",\"@graph\":[{\"@type\":\"WebPage\",\"@id\":\"https:\/\/justepourdivertiragence.com\/en\/our-artists\/\",\"url\":\"https:\/\/justepourdivertiragence.com\/en\/our-artists\/\",\"name\":\"Juste pour divertir agence\",\"isPartOf\":{\"@id\":\"https:\/\/justepourdivertiragence.com\/en\/#website\"},\"datePublished\":\"2024-09-23T17:20:52+00:00\",\"dateModified\":\"2025-11-28T21:09:14+00:00\",\"description\":\"Les conseillers en divertissement de l\u2019agence ont pour objectif d\u2019accompagner les clients dans l\u2019organisation de spectacles, d\u2019\u00e9v\u00e9nements corporatifs et la programmation culturelle en tous genres.\",\"breadcrumb\":{\"@id\":\"https:\/\/justepourdivertiragence.com\/en\/our-artists\/#breadcrumb\"},\"inLanguage\":\"en-US\",\"potentialAction\":[{\"@type\":\"ReadAction\",\"target\":[\"https:\/\/justepourdivertiragence.com\/en\/our-artists\/\"]}]},{\"@type\":\"BreadcrumbList\",\"@id\":\"https:\/\/justepourdivertiragence.com\/en\/our-artists\/#breadcrumb\",\"itemListElement\":[{\"@type\":\"ListItem\",\"position\":1,\"name\":\"Home\",\"item\":\"https:\/\/justepourdivertiragence.com\/en\/\"},{\"@type\":\"ListItem\",\"position\":2,\"name\":\"Our artists\"}]},{\"@type\":\"WebSite\",\"@id\":\"https:\/\/justepourdivertiragence.com\/en\/#website\",\"url\":\"https:\/\/justepourdivertiragence.com\/en\/\",\"name\":\"Juste pour divertir Agence\",\"description\":\"ARISTES - \u00c9V\u00c9NEMENTS CORPORATIFS - FESTIVALS - TOURN\u00c9ES\",\"publisher\":{\"@id\":\"https:\/\/justepourdivertiragence.com\/en\/#organization\"},\"potentialAction\":[{\"@type\":\"SearchAction\",\"target\":{\"@type\":\"EntryPoint\",\"urlTemplate\":\"https:\/\/justepourdivertiragence.com\/en\/?s={search_term_string}\"},\"query-input\":{\"@type\":\"PropertyValueSpecification\",\"valueRequired\":true,\"valueName\":\"search_term_string\"}}],\"inLanguage\":\"en-US\"},{\"@type\":\"Organization\",\"@id\":\"https:\/\/justepourdivertiragence.com\/en\/#organization\",\"name\":\"Amuz Agence\",\"url\":\"https:\/\/justepourdivertiragence.com\/en\/\",\"logo\":{\"@type\":\"ImageObject\",\"inLanguage\":\"en-US\",\"@id\":\"https:\/\/justepourdivertiragence.com\/en\/#\/schema\/logo\/image\/\",\"url\":\"https:\/\/justepourdivertiragence.com\/wp-content\/uploads\/2024\/10\/juste-pour-divertir-agence_logo.png\",\"contentUrl\":\"https:\/\/justepourdivertiragence.com\/wp-content\/uploads\/2024\/10\/juste-pour-divertir-agence_logo.png\",\"width\":605,\"height\":190,\"caption\":\"Amuz Agence\"},\"image\":{\"@id\":\"https:\/\/justepourdivertiragence.com\/en\/#\/schema\/logo\/image\/\"},\"sameAs\":[\"https:\/\/www.linkedin.com\/company\/amuzagence\/about\/\"]}]}<\/script>\n<!-- \/ Yoast SEO plugin. -->","yoast_head_json":{"title":"Juste pour divertir agence","description":"Les conseillers en divertissement de l\u2019agence ont pour objectif d\u2019accompagner les clients dans l\u2019organisation de spectacles, d\u2019\u00e9v\u00e9nements corporatifs et la programmation culturelle en tous genres.","robots":{"index":"index","follow":"follow","max-snippet":"max-snippet:-1","max-image-preview":"max-image-preview:large","max-video-preview":"max-video-preview:-1"},"canonical":"https:\/\/justepourdivertiragence.com\/en\/our-artists\/","og_locale":"en_US","og_type":"article","og_title":"Juste pour divertir agence","og_description":"Les conseillers en divertissement de l\u2019agence ont pour objectif d\u2019accompagner les clients dans l\u2019organisation de spectacles, d\u2019\u00e9v\u00e9nements corporatifs et la programmation culturelle en tous genres.","og_site_name":"Juste pour divertir agence","article_modified_time":"2025-11-28T21:09:14+00:00","twitter_card":"summary_large_image","twitter_misc":{"Est. reading time":"12 minutes"},"schema":{"@context":"https:\/\/schema.org","@graph":[{"@type":"WebPage","@id":"https:\/\/justepourdivertiragence.com\/en\/our-artists\/","url":"https:\/\/justepourdivertiragence.com\/en\/our-artists\/","name":"Juste pour divertir agence","isPartOf":{"@id":"https:\/\/justepourdivertiragence.com\/en\/#website"},"datePublished":"2024-09-23T17:20:52+00:00","dateModified":"2025-11-28T21:09:14+00:00","description":"Les conseillers en divertissement de l\u2019agence ont pour objectif d\u2019accompagner les clients dans l\u2019organisation de spectacles, d\u2019\u00e9v\u00e9nements corporatifs et la programmation culturelle en tous genres.","breadcrumb":{"@id":"https:\/\/justepourdivertiragence.com\/en\/our-artists\/#breadcrumb"},"inLanguage":"en-US","potentialAction":[{"@type":"ReadAction","target":["https:\/\/justepourdivertiragence.com\/en\/our-artists\/"]}]},{"@type":"BreadcrumbList","@id":"https:\/\/justepourdivertiragence.com\/en\/our-artists\/#breadcrumb","itemListElement":[{"@type":"ListItem","position":1,"name":"Home","item":"https:\/\/justepourdivertiragence.com\/en\/"},{"@type":"ListItem","position":2,"name":"Our artists"}]},{"@type":"WebSite","@id":"https:\/\/justepourdivertiragence.com\/en\/#website","url":"https:\/\/justepourdivertiragence.com\/en\/","name":"Juste pour divertir Agence","description":"ARISTES - \u00c9V\u00c9NEMENTS CORPORATIFS - FESTIVALS - TOURN\u00c9ES","publisher":{"@id":"https:\/\/justepourdivertiragence.com\/en\/#organization"},"potentialAction":[{"@type":"SearchAction","target":{"@type":"EntryPoint","urlTemplate":"https:\/\/justepourdivertiragence.com\/en\/?s={search_term_string}"},"query-input":{"@type":"PropertyValueSpecification","valueRequired":true,"valueName":"search_term_string"}}],"inLanguage":"en-US"},{"@type":"Organization","@id":"https:\/\/justepourdivertiragence.com\/en\/#organization","name":"Amuz Agence","url":"https:\/\/justepourdivertiragence.com\/en\/","logo":{"@type":"ImageObject","inLanguage":"en-US","@id":"https:\/\/justepourdivertiragence.com\/en\/#\/schema\/logo\/image\/","url":"https:\/\/justepourdivertiragence.com\/wp-content\/uploads\/2024\/10\/juste-pour-divertir-agence_logo.png","contentUrl":"https:\/\/justepourdivertiragence.com\/wp-content\/uploads\/2024\/10\/juste-pour-divertir-agence_logo.png","width":605,"height":190,"caption":"Amuz Agence"},"image":{"@id":"https:\/\/justepourdivertiragence.com\/en\/#\/schema\/logo\/image\/"},"sameAs":["https:\/\/www.linkedin.com\/company\/amuzagence\/about\/"]}]}},"_links":{"self":[{"href":"https:\/\/justepourdivertiragence.com\/en\/wp-json\/wp\/v2\/pages\/307738","targetHints":{"allow":["GET"]}}],"collection":[{"href":"https:\/\/justepourdivertiragence.com\/en\/wp-json\/wp\/v2\/pages"}],"about":[{"href":"https:\/\/justepourdivertiragence.com\/en\/wp-json\/wp\/v2\/types\/page"}],"author":[{"embeddable":true,"href":"https:\/\/justepourdivertiragence.com\/en\/wp-json\/wp\/v2\/users\/4"}],"replies":[{"embeddable":true,"href":"https:\/\/justepourdivertiragence.com\/en\/wp-json\/wp\/v2\/comments?post=307738"}],"version-history":[{"count":14,"href":"https:\/\/justepourdivertiragence.com\/en\/wp-json\/wp\/v2\/pages\/307738\/revisions"}],"predecessor-version":[{"id":308528,"href":"https:\/\/justepourdivertiragence.com\/en\/wp-json\/wp\/v2\/pages\/307738\/revisions\/308528"}],"wp:attachment":[{"href":"https:\/\/justepourdivertiragence.com\/en\/wp-json\/wp\/v2\/media?parent=307738"}],"curies":[{"name":"wp","href":"https:\/\/api.w.org\/{rel}","templated":true}]}}